{"id":2,"date":"2014-08-04T12:41:29","date_gmt":"2014-08-04T10:41:29","guid":{"rendered":"http:\/\/www.kaffeegespenst.de\/wp\/?page_id=2"},"modified":"2016-04-19T12:48:13","modified_gmt":"2016-04-19T10:48:13","slug":"willkommen","status":"publish","type":"page","link":"http:\/\/www.kaffeegespenst.de\/wp\/?page_id=2","title":{"rendered":"Willkommen"},"content":{"rendered":"<p>Ohne Kaffee mangelte es den s\u00e4chsischen Soldaten an Kampfmoral und sie verweigerten den Einsatz mit dem Argument, \u201eOhne Gaffee g\u00f6nn mer nich g\u00e4mpfn!\u201c (Ohne Kaffee k\u00f6nnen wir nicht k\u00e4mpfen!) So seien umfangreiche Kaffee- und Kuchengelage der s\u00e4chsischen Soldaten erfolgt, die ihnen auch an anderen Kriegsschaupl\u00e4tzen Europas zudem bek\u00f6mmlicher als der Waffengang gewesen seien.<\/p>\n","protected":false},"excerpt":{"rendered":"<p>Ohne Kaffee mangelte es den s\u00e4chsischen Soldaten an Kampfmoral und sie verweigerten den Einsatz mit dem Argument, \u201eOhne Gaffee g\u00f6nn mer nich g\u00e4mpfn!\u201c (Ohne Kaffee k\u00f6nnen wir nicht k\u00e4mpfen!) So seien umfangreiche Kaffee- und Kuchengelage der s\u00e4chsischen Soldaten erfolgt, die ihnen auch an anderen Kriegsschaupl\u00e4tzen Europas zudem bek\u00f6mmlicher als der Waffengang gewesen seien.<\/p>\n","protected":false},"author":1,"featured_media":0,"parent":0,"menu_order":0,"comment_status":"closed","ping_status":"closed","template":"","meta":[],"_links":{"self":[{"href":"http:\/\/www.kaffeegespenst.de\/wp\/index.php?rest_route=\/wp\/v2\/pages\/2"}],"collection":[{"href":"http:\/\/www.kaffeegespenst.de\/wp\/index.php?rest_route=\/wp\/v2\/pages"}],"about":[{"href":"http:\/\/www.kaffeegespenst.de\/wp\/index.php?rest_route=\/wp\/v2\/types\/page"}],"author":[{"embeddable":true,"href":"http:\/\/www.kaffeegespenst.de\/wp\/index.php?rest_route=\/wp\/v2\/users\/1"}],"replies":[{"embeddable":true,"href":"http:\/\/www.kaffeegespenst.de\/wp\/index.php?rest_route=%2Fwp%2Fv2%2Fcomments&post=2"}],"version-history":[{"count":7,"href":"http:\/\/www.kaffeegespenst.de\/wp\/index.php?rest_route=\/wp\/v2\/pages\/2\/revisions"}],"predecessor-version":[{"id":47,"href":"http:\/\/www.kaffeegespenst.de\/wp\/index.php?rest_route=\/wp\/v2\/pages\/2\/revisions\/47"}],"wp:attachment":[{"href":"http:\/\/www.kaffeegespenst.de\/wp\/index.php?rest_route=%2Fwp%2Fv2%2Fmedia&parent=2"}],"curies":[{"name":"wp","href":"https:\/\/api.w.org\/{rel}","templated":true}]}}