{"id":48,"date":"2016-04-19T12:54:31","date_gmt":"2016-04-19T10:54:31","guid":{"rendered":"http:\/\/www.kaffeegespenst.de\/wp\/?page_id=48"},"modified":"2016-04-27T18:44:20","modified_gmt":"2016-04-27T16:44:20","slug":"s-gaffeegeschbaenst","status":"publish","type":"page","link":"http:\/\/www.kaffeegespenst.de\/wp\/?page_id=48","title":{"rendered":"S Gaffeegeschb\u00e4nst"},"content":{"rendered":"<p>Am Lilichenschteene um Middernacht<br \/>\nDa laatscht \u00e4 Geschb\u00e4nst dorchn F\u00e4lsenschacht.<br \/>\nDas rasselt mit \u00e4rchendwas forchtbar dort rum,<br \/>\nDe Leite, die flistern: \u201eJetz geht\u2019s wieder um !\u201c<br \/>\nNu h\u00e4tte ja mancher r\u00e4cht g\u00e4rne erfahrn,<br \/>\nWas blo\u00df d\u00e4r Geist rumw\u00e4\u00e4rcht schon seit so viel Jahrn.<br \/>\nGee M\u00e4nsch aus dr Geechend gonnt sich das ergl\u00e4rn,<br \/>\nWas d\u00e4r in dr Schlucht drinne hatte zu m\u00e4hrn.<br \/>\nBis endlich mal eener, Baul Borbsig aus B\u00e4rne,<br \/>\nSich ranschlich voll Mud un Verdraun zu sein Scht\u00e4rne.<br \/>\nGaum dasses vom G\u00e4rchdorm dat Middernacht schlaachen,<br \/>\nGam binktlich \u00b4s Geschb\u00e4nst in \u00e4 H\u00e4md ohne Graachen.<br \/>\nDe gnochigen Finger umgramften \u00e4 Dobb,<br \/>\n\u00c4 Schbiritusgocher drugs ohm uff sein Gobb.<br \/>\nDann hockte sich\u00b4s hin untern Lilichenschteen<br \/>\nUn braute sich Gaffee . Nee roch d\u00e4r blo\u00df scheen!<br \/>\nBefeiert vom Dufte dr geddlichen Drobben<br \/>\nFing Baul an zu bl\u00e4ken : \u201eHeh, mir ooch \u00e4 Schobben!\u201c<br \/>\nHieruff gabs \u00e4 Gnall un dr Geist war verschwunden.<br \/>\nBaul Borbsigen hammse am Morchen gefunden.<br \/>\nD\u00e4r sa\u00df schw\u00e4r verbrieht in \u00b4ner Gaffeelache.<br \/>\nDas war d\u00e4m geschteerten Geschb\u00e4nst seine Rache.<\/p>\n<p>Lene Voigt<\/p>\n","protected":false},"excerpt":{"rendered":"<p>Am Lilichenschteene um Middernacht Da laatscht \u00e4 Geschb\u00e4nst dorchn F\u00e4lsenschacht. Das rasselt mit \u00e4rchendwas forchtbar dort rum, De Leite, die flistern: \u201eJetz geht\u2019s wieder um !\u201c Nu h\u00e4tte ja mancher r\u00e4cht g\u00e4rne erfahrn, Was blo\u00df d\u00e4r Geist rumw\u00e4\u00e4rcht schon seit so viel Jahrn. Gee M\u00e4nsch aus dr Geechend gonnt sich das ergl\u00e4rn, Was d\u00e4r in &hellip; <a href=\"http:\/\/www.kaffeegespenst.de\/wp\/?page_id=48\" class=\"more-link\"><span class=\"screen-reader-text\">S Gaffeegeschb\u00e4nst<\/span> weiterlesen <span class=\"meta-nav\">&rarr;<\/span><\/a><\/p>\n","protected":false},"author":1,"featured_media":0,"parent":57,"menu_order":0,"comment_status":"closed","ping_status":"closed","template":"","meta":[],"_links":{"self":[{"href":"http:\/\/www.kaffeegespenst.de\/wp\/index.php?rest_route=\/wp\/v2\/pages\/48"}],"collection":[{"href":"http:\/\/www.kaffeegespenst.de\/wp\/index.php?rest_route=\/wp\/v2\/pages"}],"about":[{"href":"http:\/\/www.kaffeegespenst.de\/wp\/index.php?rest_route=\/wp\/v2\/types\/page"}],"author":[{"embeddable":true,"href":"http:\/\/www.kaffeegespenst.de\/wp\/index.php?rest_route=\/wp\/v2\/users\/1"}],"replies":[{"embeddable":true,"href":"http:\/\/www.kaffeegespenst.de\/wp\/index.php?rest_route=%2Fwp%2Fv2%2Fcomments&post=48"}],"version-history":[{"count":6,"href":"http:\/\/www.kaffeegespenst.de\/wp\/index.php?rest_route=\/wp\/v2\/pages\/48\/revisions"}],"predecessor-version":[{"id":60,"href":"http:\/\/www.kaffeegespenst.de\/wp\/index.php?rest_route=\/wp\/v2\/pages\/48\/revisions\/60"}],"up":[{"embeddable":true,"href":"http:\/\/www.kaffeegespenst.de\/wp\/index.php?rest_route=\/wp\/v2\/pages\/57"}],"wp:attachment":[{"href":"http:\/\/www.kaffeegespenst.de\/wp\/index.php?rest_route=%2Fwp%2Fv2%2Fmedia&parent=48"}],"curies":[{"name":"wp","href":"https:\/\/api.w.org\/{rel}","templated":true}]}}