{"id":63,"date":"2016-04-27T18:31:19","date_gmt":"2016-04-27T16:31:19","guid":{"rendered":"http:\/\/www.kaffeegespenst.de\/wp\/?page_id=63"},"modified":"2016-04-27T18:31:19","modified_gmt":"2016-04-27T16:31:19","slug":"dr-morchengaffee","status":"publish","type":"page","link":"http:\/\/www.kaffeegespenst.de\/wp\/?page_id=63","title":{"rendered":"Dr Morchengaffee"},"content":{"rendered":"<p>Das is doch jeden Daach \u00e4 wahres Fest,<br \/>\nwenn mer sich frieh sein Gaffee schmecken l\u00e4\u00dft.<br \/>\nDa liecht so richtich alle W\u00e4rze drin,<br \/>\ndie fier dn Daseinsgamf dut neetich sin.<\/p>\n<p>Mer nubbelt alle Eichenschaften draus,<br \/>\ndie h\u00e4rzhaft machen fier \u00e4 jeden Schtrau\u00df,<br \/>\nd\u00e4n\u00b4s auszufechten gilt in sein Biro<br \/>\nun ooch fier alle G\u00e4mfe anderschwo.<\/p>\n<p>Solange noch dr Maachen nichtern h\u00e4ngt,<br \/>\nfiehlt sich der Mensch bel\u00e4mmert un bedr\u00e4ngt,<br \/>\ndoch gaum gluckst \u00e4nne Dasse Gaffee nein,<br \/>\nda zuckt \u00e4 Gr\u00e4fteschtrom durch Mark und Bein.<\/p>\n<p>Drum lob ich mir mein Morchen &#8211; Gettertrank<br \/>\nun saache jeder Bohne einzeln Dank.<br \/>\nDenn war mir ooch geglickt is in mein L\u00e4hm,<br \/>\ndas hat mei Gaffeedobb mir eingeg\u00e4hm.<\/p>\n<p>Lene Voigt<\/p>\n","protected":false},"excerpt":{"rendered":"<p>Das is doch jeden Daach \u00e4 wahres Fest, wenn mer sich frieh sein Gaffee schmecken l\u00e4\u00dft. Da liecht so richtich alle W\u00e4rze drin, die fier dn Daseinsgamf dut neetich sin. Mer nubbelt alle Eichenschaften draus, die h\u00e4rzhaft machen fier \u00e4 jeden Schtrau\u00df, d\u00e4n\u00b4s auszufechten gilt in sein Biro un ooch fier alle G\u00e4mfe anderschwo. Solange &hellip; <a href=\"http:\/\/www.kaffeegespenst.de\/wp\/?page_id=63\" class=\"more-link\"><span class=\"screen-reader-text\">Dr Morchengaffee<\/span> weiterlesen <span class=\"meta-nav\">&rarr;<\/span><\/a><\/p>\n","protected":false},"author":1,"featured_media":0,"parent":57,"menu_order":0,"comment_status":"closed","ping_status":"closed","template":"","meta":[],"_links":{"self":[{"href":"http:\/\/www.kaffeegespenst.de\/wp\/index.php?rest_route=\/wp\/v2\/pages\/63"}],"collection":[{"href":"http:\/\/www.kaffeegespenst.de\/wp\/index.php?rest_route=\/wp\/v2\/pages"}],"about":[{"href":"http:\/\/www.kaffeegespenst.de\/wp\/index.php?rest_route=\/wp\/v2\/types\/page"}],"author":[{"embeddable":true,"href":"http:\/\/www.kaffeegespenst.de\/wp\/index.php?rest_route=\/wp\/v2\/users\/1"}],"replies":[{"embeddable":true,"href":"http:\/\/www.kaffeegespenst.de\/wp\/index.php?rest_route=%2Fwp%2Fv2%2Fcomments&post=63"}],"version-history":[{"count":1,"href":"http:\/\/www.kaffeegespenst.de\/wp\/index.php?rest_route=\/wp\/v2\/pages\/63\/revisions"}],"predecessor-version":[{"id":64,"href":"http:\/\/www.kaffeegespenst.de\/wp\/index.php?rest_route=\/wp\/v2\/pages\/63\/revisions\/64"}],"up":[{"embeddable":true,"href":"http:\/\/www.kaffeegespenst.de\/wp\/index.php?rest_route=\/wp\/v2\/pages\/57"}],"wp:attachment":[{"href":"http:\/\/www.kaffeegespenst.de\/wp\/index.php?rest_route=%2Fwp%2Fv2%2Fmedia&parent=63"}],"curies":[{"name":"wp","href":"https:\/\/api.w.org\/{rel}","templated":true}]}}